{"id":1053,"date":"2023-10-16T19:21:29","date_gmt":"2023-10-16T17:21:29","guid":{"rendered":"https:\/\/bikesfriends.es\/?post_type=product&#038;p=1053"},"modified":"2023-10-16T19:21:29","modified_gmt":"2023-10-16T17:21:29","slug":"top-cap-comp-mount-mtb-xc-para-garmin","status":"publish","type":"product","link":"https:\/\/bikesfriends.es\/?product=top-cap-comp-mount-mtb-xc-para-garmin","title":{"rendered":"TOP CAP COMP. MOUNT MTB XC PARA GARMIN"},"content":{"rendered":"<p>Montura en el capuch\u00f3n de la potencia para conjuntos de manillar XC con \u00e1ngulo negativo, dise\u00f1o limpio y despejado. Dise\u00f1o para conjuntos de manillar SYNCROS Fraser iC SL XC. Ocupa el lugar del capuch\u00f3n superior. Dise\u00f1o integrado. Apta para todos los modelos Garmin y Wahoo. Hay disponibles adaptadores para Wahoo.<\/p>\n","protected":false},"excerpt":{"rendered":"<p>Montura en el capuch\u00f3n de la potencia para conjuntos de manillar XC con \u00e1ngulo negativo, dise\u00f1o limpio y despejado. Dise\u00f1o para conjuntos de manillar SYNCROS Fraser iC SL XC. Ocupa el lugar del capuch\u00f3n superior. Dise\u00f1o integrado. Apta para todos los modelos Garmin y Wahoo. Hay disponibles adaptadores para Wahoo.<\/p>\n","protected":false},"featured_media":1054,"template":"","meta":{"site-sidebar-layout":"default","site-content-layout":"","ast-site-content-layout":"default","site-content-style":"default","site-sidebar-style":"default","ast-global-header-display":"","ast-banner-title-visibility":"","ast-main-header-display":"","ast-hfb-above-header-display":"","ast-hfb-below-header-display":"","ast-hfb-mobile-header-display":"","site-post-title":"","ast-breadcrumbs-content":"","ast-featured-img":"","footer-sml-layout":"","ast-disable-related-posts":"","theme-transparent-header-meta":"default","adv-header-id-meta":"","stick-header-meta":"","header-above-stick-meta":"","header-main-stick-meta":"","header-below-stick-meta":"","astra-migrate-meta-layouts":"set","ast-page-background-enabled":"default","ast-page-background-meta":{"desktop":{"background-color":"var(--ast-global-color-4)","background-image":"","background-repeat":"repeat","background-position":"center center","background-size":"auto","background-attachment":"scroll","background-type":"","background-media":"","overlay-type":"","overlay-color":"","overlay-opacity":"","overlay-gradient":""},"tablet":{"background-color":"","background-image":"","background-repeat":"repeat","background-position":"center center","background-size":"auto","background-attachment":"scroll","background-type":"","background-media":"","overlay-type":"","overlay-color":"","overlay-opacity":"","overlay-gradient":""},"mobile":{"background-color":"","background-image":"","background-repeat":"repeat","background-position":"center center","background-size":"auto","background-attachment":"scroll","background-type":"","background-media":"","overlay-type":"","overlay-color":"","overlay-opacity":"","overlay-gradient":""}},"ast-content-background-meta":{"desktop":{"background-color":"var(--ast-global-color-5)","background-image":"","background-repeat":"repeat","background-position":"center center","background-size":"auto","background-attachment":"scroll","background-type":"","background-media":"","overlay-type":"","overlay-color":"","overlay-opacity":"","overlay-gradient":""},"tablet":{"background-color":"var(--ast-global-color-5)","background-image":"","background-repeat":"repeat","background-position":"center center","background-size":"auto","background-attachment":"scroll","background-type":"","background-media":"","overlay-type":"","overlay-color":"","overlay-opacity":"","overlay-gradient":""},"mobile":{"background-color":"var(--ast-global-color-5)","background-image":"","background-repeat":"repeat","background-position":"center center","background-size":"auto","background-attachment":"scroll","background-type":"","background-media":"","overlay-type":"","overlay-color":"","overlay-opacity":"","overlay-gradient":""}},"_joinchat":[]},"product_brand":[],"product_cat":[87,80],"product_tag":[],"class_list":{"0":"post-1053","1":"product","2":"type-product","3":"status-publish","4":"has-post-thumbnail","6":"product_cat-pulsometros","7":"product_cat-accesorios","8":"desktop-align-center","9":"tablet-align-left","10":"mobile-align-left","11":"ast-product-gallery-layout-horizontal-slider","12":"ast-product-tabs-layout-horizontal","14":"first","15":"instock","16":"sale","17":"taxable","18":"shipping-taxable","19":"purchasable","20":"product-type-simple"},"_links":{"self":[{"href":"https:\/\/bikesfriends.es\/index.php?rest_route=\/wp\/v2\/product\/1053","targetHints":{"allow":["GET"]}}],"collection":[{"href":"https:\/\/bikesfriends.es\/index.php?rest_route=\/wp\/v2\/product"}],"about":[{"href":"https:\/\/bikesfriends.es\/index.php?rest_route=\/wp\/v2\/types\/product"}],"wp:featuredmedia":[{"embeddable":true,"href":"https:\/\/bikesfriends.es\/index.php?rest_route=\/wp\/v2\/media\/1054"}],"wp:attachment":[{"href":"https:\/\/bikesfriends.es\/index.php?rest_route=%2Fwp%2Fv2%2Fmedia&parent=1053"}],"wp:term":[{"taxonomy":"product_brand","embeddable":true,"href":"https:\/\/bikesfriends.es\/index.php?rest_route=%2Fwp%2Fv2%2Fproduct_brand&post=1053"},{"taxonomy":"product_cat","embeddable":true,"href":"https:\/\/bikesfriends.es\/index.php?rest_route=%2Fwp%2Fv2%2Fproduct_cat&post=1053"},{"taxonomy":"product_tag","embeddable":true,"href":"https:\/\/bikesfriends.es\/index.php?rest_route=%2Fwp%2Fv2%2Fproduct_tag&post=1053"}],"curies":[{"name":"wp","href":"https:\/\/api.w.org\/{rel}","templated":true}]}}